{"id":1904,"date":"2024-09-02T22:53:33","date_gmt":"2024-09-02T19:53:33","guid":{"rendered":"https:\/\/www.mach.aero\/?page_id=1904"},"modified":"2025-07-14T11:18:48","modified_gmt":"2025-07-14T08:18:48","slug":"about","status":"publish","type":"page","link":"https:\/\/www.mach.aero\/en\/about\/","title":{"rendered":"About Us"},"content":{"rendered":"<div data-elementor-type=\"wp-page\" data-elementor-id=\"1904\" class=\"elementor elementor-1904\" data-elementor-post-type=\"page\">\n\t\t\t\t\t\t<section class=\"elementor-section elementor-top-section elementor-element elementor-element-35d985f elementor-section-height-min-height elementor-section-boxed elementor-section-height-default elementor-section-items-middle\" data-id=\"35d985f\" data-element_type=\"section\" data-e-type=\"section\" data-settings=\"{&quot;background_background&quot;:&quot;classic&quot;}\">\n\t\t\t\t\t\t\t<div class=\"elementor-background-overlay\"><\/div>\n\t\t\t\t\t\t\t<div class=\"elementor-container elementor-column-gap-default\">\n\t\t\t\t\t<div class=\"elementor-column elementor-col-100 elementor-top-column elementor-element elementor-element-9eab6fe\" data-id=\"9eab6fe\" data-element_type=\"column\" data-e-type=\"column\">\n\t\t\t<div class=\"elementor-widget-wrap elementor-element-populated\">\n\t\t\t\t\t\t<div class=\"elementor-element elementor-element-6403ecf elementor-widget elementor-widget-heading\" data-id=\"6403ecf\" data-element_type=\"widget\" data-e-type=\"widget\" data-widget_type=\"heading.default\">\n\t\t\t\t<div class=\"elementor-widget-container\">\n\t\t\t\t\t<h2 class=\"elementor-heading-title elementor-size-default\">About Us<\/h2>\t\t\t\t<\/div>\n\t\t\t\t<\/div>\n\t\t\t\t\t<\/div>\n\t\t<\/div>\n\t\t\t\t\t<\/div>\n\t\t<\/section>\n\t\t\t\t<section class=\"elementor-section elementor-top-section elementor-element elementor-element-d5be7a4 elementor-section-boxed elementor-section-height-default elementor-section-height-default\" data-id=\"d5be7a4\" data-element_type=\"section\" data-e-type=\"section\" data-settings=\"{&quot;background_background&quot;:&quot;classic&quot;}\">\n\t\t\t\t\t\t<div class=\"elementor-container elementor-column-gap-default\">\n\t\t\t\t\t<div class=\"elementor-column elementor-col-100 elementor-top-column elementor-element elementor-element-30d73ba\" data-id=\"30d73ba\" data-element_type=\"column\" data-e-type=\"column\">\n\t\t\t<div class=\"elementor-widget-wrap elementor-element-populated\">\n\t\t\t\t\t\t<section class=\"elementor-section elementor-inner-section elementor-element elementor-element-72aa232 elementor-section-content-middle elementor-section-boxed elementor-section-height-default elementor-section-height-default\" data-id=\"72aa232\" data-element_type=\"section\" data-e-type=\"section\">\n\t\t\t\t\t\t<div class=\"elementor-container elementor-column-gap-default\">\n\t\t\t\t\t<div class=\"elementor-column elementor-col-100 elementor-inner-column elementor-element elementor-element-08099e9\" data-id=\"08099e9\" data-element_type=\"column\" data-e-type=\"column\">\n\t\t\t<div class=\"elementor-widget-wrap elementor-element-populated\">\n\t\t\t\t\t\t<div class=\"elementor-element elementor-element-5394be5 elementor-widget elementor-widget-heading\" data-id=\"5394be5\" data-element_type=\"widget\" data-e-type=\"widget\" data-widget_type=\"heading.default\">\n\t\t\t\t<div class=\"elementor-widget-container\">\n\t\t\t\t\t<h2 class=\"elementor-heading-title elementor-size-default\">Pioneer of Turkish Civil Aviation<\/h2>\t\t\t\t<\/div>\n\t\t\t\t<\/div>\n\t\t\t\t<div class=\"elementor-element elementor-element-d44421a elementor-widget elementor-widget-text-editor\" data-id=\"d44421a\" data-element_type=\"widget\" data-e-type=\"widget\" data-widget_type=\"text-editor.default\">\n\t\t\t\t<div class=\"elementor-widget-container\">\n\t\t\t\t\t\t\t\t\t<p><\/p>\n<p class=\"translation-block\">Mach Air (Mak Havac\u0131l\u0131k) was founded in 1989 by <strong>Ali \u0130smet \u00d6zt\u00fcrk<\/strong>, T\u00fcrkiye\u2019s first nationally recognized professional aerobatic pilot. Since then, it has played a pioneering role in the general aviation sector as one of the most established and innovative companies in Turkish civil aviation.<\/p>\n<p>Mach Air is a competent and reliable general aviation operator, certified with an AOC (Air Operator Certificate) approved by the Turkish Directorate General of Civil Aviation.<\/p>\n<p>For many years, Mach Air operated from its self-built facilities in the Private Hangars Area of Istanbul Atat\u00fcrk Airport, offering services in general aviation, aircraft maintenance and hangaring, film productions, flight training, airshows, air taxi, and aircraft rental. It has also provided aerial photography and video services for film and television productions. By introducing the first live broadcast helicopter operations to T\u00fcrkiye, it pioneered this field and brought a fresh perspective to national television broadcasting through aerial footage. Mach Air has also played a significant role in promoting and popularizing civil aerobatic flight in T\u00fcrkiye.<\/p>\t\t\t\t\t\t\t\t<\/div>\n\t\t\t\t<\/div>\n\t\t\t\t<section class=\"elementor-section elementor-inner-section elementor-element elementor-element-fc135f0 elementor-section-boxed elementor-section-height-default elementor-section-height-default\" data-id=\"fc135f0\" data-element_type=\"section\" data-e-type=\"section\">\n\t\t\t\t\t\t<div class=\"elementor-container elementor-column-gap-default\">\n\t\t\t\t\t<div class=\"elementor-column elementor-col-50 elementor-inner-column elementor-element elementor-element-e3a4711\" data-id=\"e3a4711\" data-element_type=\"column\" data-e-type=\"column\">\n\t\t\t<div class=\"elementor-widget-wrap elementor-element-populated\">\n\t\t\t\t\t\t<div class=\"elementor-element elementor-element-885fcf6 elementor-widget elementor-widget-image\" data-id=\"885fcf6\" data-element_type=\"widget\" data-e-type=\"widget\" data-widget_type=\"image.default\">\n\t\t\t\t<div class=\"elementor-widget-container\">\n\t\t\t\t\t\t\t\t\t\t\t\t<figure class=\"wp-caption\">\n\t\t\t\t\t\t\t\t\t\t<img fetchpriority=\"high\" decoding=\"async\" width=\"800\" height=\"476\" src=\"https:\/\/www.mach.aero\/wp-content\/uploads\/2-1-1024x609.jpg\" class=\"attachment-large size-large wp-image-3044\" alt=\"\" srcset=\"https:\/\/www.mach.aero\/wp-content\/uploads\/2-1-1024x609.jpg 1024w, https:\/\/www.mach.aero\/wp-content\/uploads\/2-1-300x179.jpg 300w, https:\/\/www.mach.aero\/wp-content\/uploads\/2-1-768x457.jpg 768w, https:\/\/www.mach.aero\/wp-content\/uploads\/2-1.jpg 1200w\" sizes=\"(max-width: 800px) 100vw, 800px\" \/>\t\t\t\t\t\t\t\t\t\t\t<figcaption class=\"widget-image-caption wp-caption-text\">1992 \u2013 Atat\u00fcrk Airport<\/figcaption>\n\t\t\t\t\t\t\t\t\t\t<\/figure>\n\t\t\t\t\t\t\t\t\t<\/div>\n\t\t\t\t<\/div>\n\t\t\t\t\t<\/div>\n\t\t<\/div>\n\t\t\t\t<div class=\"elementor-column elementor-col-50 elementor-inner-column elementor-element elementor-element-fc2e65c\" data-id=\"fc2e65c\" data-element_type=\"column\" data-e-type=\"column\">\n\t\t\t<div class=\"elementor-widget-wrap elementor-element-populated\">\n\t\t\t\t\t\t<div class=\"elementor-element elementor-element-563bc41 elementor-widget elementor-widget-image\" data-id=\"563bc41\" data-element_type=\"widget\" data-e-type=\"widget\" data-widget_type=\"image.default\">\n\t\t\t\t<div class=\"elementor-widget-container\">\n\t\t\t\t\t\t\t\t\t\t\t\t<figure class=\"wp-caption\">\n\t\t\t\t\t\t\t\t\t\t<img decoding=\"async\" width=\"768\" height=\"457\" src=\"https:\/\/www.mach.aero\/wp-content\/uploads\/1-768x457.jpg\" class=\"attachment-medium_large size-medium_large wp-image-3043\" alt=\"\" srcset=\"https:\/\/www.mach.aero\/wp-content\/uploads\/1-768x457.jpg 768w, https:\/\/www.mach.aero\/wp-content\/uploads\/1-300x179.jpg 300w, https:\/\/www.mach.aero\/wp-content\/uploads\/1-1024x609.jpg 1024w, https:\/\/www.mach.aero\/wp-content\/uploads\/1.jpg 1200w\" sizes=\"(max-width: 768px) 100vw, 768px\" \/>\t\t\t\t\t\t\t\t\t\t\t<figcaption class=\"widget-image-caption wp-caption-text\">1996 \u2013 Atat\u00fcrk Airport<\/figcaption>\n\t\t\t\t\t\t\t\t\t\t<\/figure>\n\t\t\t\t\t\t\t\t\t<\/div>\n\t\t\t\t<\/div>\n\t\t\t\t\t<\/div>\n\t\t<\/div>\n\t\t\t\t\t<\/div>\n\t\t<\/section>\n\t\t\t\t<section class=\"elementor-section elementor-inner-section elementor-element elementor-element-336e768 elementor-section-boxed elementor-section-height-default elementor-section-height-default\" data-id=\"336e768\" data-element_type=\"section\" data-e-type=\"section\">\n\t\t\t\t\t\t<div class=\"elementor-container elementor-column-gap-default\">\n\t\t\t\t\t<div class=\"elementor-column elementor-col-50 elementor-inner-column elementor-element elementor-element-50e125b\" data-id=\"50e125b\" data-element_type=\"column\" data-e-type=\"column\">\n\t\t\t<div class=\"elementor-widget-wrap elementor-element-populated\">\n\t\t\t\t\t\t<div class=\"elementor-element elementor-element-89c315d elementor-widget elementor-widget-image\" data-id=\"89c315d\" data-element_type=\"widget\" data-e-type=\"widget\" data-widget_type=\"image.default\">\n\t\t\t\t<div class=\"elementor-widget-container\">\n\t\t\t\t\t\t\t\t\t\t\t\t<figure class=\"wp-caption\">\n\t\t\t\t\t\t\t\t\t\t<img decoding=\"async\" width=\"800\" height=\"476\" src=\"https:\/\/www.mach.aero\/wp-content\/uploads\/3-2-1024x609.jpg\" class=\"attachment-large size-large wp-image-3045\" alt=\"\" srcset=\"https:\/\/www.mach.aero\/wp-content\/uploads\/3-2-1024x609.jpg 1024w, https:\/\/www.mach.aero\/wp-content\/uploads\/3-2-300x179.jpg 300w, https:\/\/www.mach.aero\/wp-content\/uploads\/3-2-768x457.jpg 768w, https:\/\/www.mach.aero\/wp-content\/uploads\/3-2.jpg 1200w\" sizes=\"(max-width: 800px) 100vw, 800px\" \/>\t\t\t\t\t\t\t\t\t\t\t<figcaption class=\"widget-image-caption wp-caption-text\">1996 - Dolmabah\u00e7e Palace<\/figcaption>\n\t\t\t\t\t\t\t\t\t\t<\/figure>\n\t\t\t\t\t\t\t\t\t<\/div>\n\t\t\t\t<\/div>\n\t\t\t\t\t<\/div>\n\t\t<\/div>\n\t\t\t\t<div class=\"elementor-column elementor-col-50 elementor-inner-column elementor-element elementor-element-d2ce5e1\" data-id=\"d2ce5e1\" data-element_type=\"column\" data-e-type=\"column\">\n\t\t\t<div class=\"elementor-widget-wrap elementor-element-populated\">\n\t\t\t\t\t\t<div class=\"elementor-element elementor-element-dfae598 elementor-widget elementor-widget-image\" data-id=\"dfae598\" data-element_type=\"widget\" data-e-type=\"widget\" data-widget_type=\"image.default\">\n\t\t\t\t<div class=\"elementor-widget-container\">\n\t\t\t\t\t\t\t\t\t\t\t\t<figure class=\"wp-caption\">\n\t\t\t\t\t\t\t\t\t\t<img loading=\"lazy\" decoding=\"async\" width=\"800\" height=\"476\" src=\"https:\/\/www.mach.aero\/wp-content\/uploads\/4-1-1024x609.jpg\" class=\"attachment-large size-large wp-image-3046\" alt=\"\" srcset=\"https:\/\/www.mach.aero\/wp-content\/uploads\/4-1-1024x609.jpg 1024w, https:\/\/www.mach.aero\/wp-content\/uploads\/4-1-300x179.jpg 300w, https:\/\/www.mach.aero\/wp-content\/uploads\/4-1-768x457.jpg 768w, https:\/\/www.mach.aero\/wp-content\/uploads\/4-1.jpg 1200w\" sizes=\"(max-width: 800px) 100vw, 800px\" \/>\t\t\t\t\t\t\t\t\t\t\t<figcaption class=\"widget-image-caption wp-caption-text\">1999 \u2013 Atat\u00fcrk Airport<\/figcaption>\n\t\t\t\t\t\t\t\t\t\t<\/figure>\n\t\t\t\t\t\t\t\t\t<\/div>\n\t\t\t\t<\/div>\n\t\t\t\t\t<\/div>\n\t\t<\/div>\n\t\t\t\t\t<\/div>\n\t\t<\/section>\n\t\t\t\t\t<\/div>\n\t\t<\/div>\n\t\t\t\t\t<\/div>\n\t\t<\/section>\n\t\t\t\t<div class=\"elementor-element elementor-element-1052bc3 elementor-widget elementor-widget-text-editor\" data-id=\"1052bc3\" data-element_type=\"widget\" data-e-type=\"widget\" data-widget_type=\"text-editor.default\">\n\t\t\t\t<div class=\"elementor-widget-container\">\n\t\t\t\t\t\t\t\t\t<p>Mach Air has been operating since 2013 at <strong>Sivrihisar Aviation Center (S.H.M.), Necati Artan Facilities.<\/strong> s\u00fcrd\u00fcrmektedir. Geni\u015f hangarlar\u0131, bak\u0131m ve elektrik at\u00f6lyeleri, idari binas\u0131, teknik ofisleri ve depo alanlar\u0131yla Mach Air, donan\u0131ml\u0131 teknisyenleri e\u015fli\u011finde kaliteli ve modern bir hizmet sunmaktad\u0131r.<\/p>\n<p class=\"translation-block\">The maintenance and operation of the historic aircraft in the inventory of T\u00fcrkiye\u2019s only flying aviation museum, the \u201cM.S.\u00d6. Air and Space Museum,\u201d located at the Sivrihisar Aviation Center, are carried out by Mach Air. By meticulously restoring vintage aircraft\u2014of which only a few remain worldwide\u2014Mach Air brings these legends of the skies back to life. These rare aircraft, silent witnesses to aviation history, also symbolize technological evolution, engineering brilliance, and human courage. By keeping them airworthy, Mach Air not only honors the past but also ensures this invaluable legacy is passed on to future generations.<\/p>\n<p>Born out of a passion for the skies, Mach Air continues to preserve the values of the past while inspiring the future of aviation...<\/p>\t\t\t\t\t\t\t\t<\/div>\n\t\t\t\t<\/div>\n\t\t\t\t<section class=\"elementor-section elementor-inner-section elementor-element elementor-element-e3c1a69 elementor-section-boxed elementor-section-height-default elementor-section-height-default\" data-id=\"e3c1a69\" data-element_type=\"section\" data-e-type=\"section\">\n\t\t\t\t\t\t<div class=\"elementor-container elementor-column-gap-default\">\n\t\t\t\t\t<div class=\"elementor-column elementor-col-50 elementor-inner-column elementor-element elementor-element-65d460f\" data-id=\"65d460f\" data-element_type=\"column\" data-e-type=\"column\">\n\t\t\t<div class=\"elementor-widget-wrap elementor-element-populated\">\n\t\t\t\t\t\t<div class=\"elementor-element elementor-element-b71b6a6 elementor-widget elementor-widget-image\" data-id=\"b71b6a6\" data-element_type=\"widget\" data-e-type=\"widget\" data-widget_type=\"image.default\">\n\t\t\t\t<div class=\"elementor-widget-container\">\n\t\t\t\t\t\t\t\t\t\t\t\t\t\t\t<img loading=\"lazy\" decoding=\"async\" width=\"800\" height=\"476\" src=\"https:\/\/www.mach.aero\/wp-content\/uploads\/5-1-1024x609.jpg\" class=\"attachment-large size-large wp-image-3047\" alt=\"\" srcset=\"https:\/\/www.mach.aero\/wp-content\/uploads\/5-1-1024x609.jpg 1024w, https:\/\/www.mach.aero\/wp-content\/uploads\/5-1-300x179.jpg 300w, https:\/\/www.mach.aero\/wp-content\/uploads\/5-1-768x457.jpg 768w, https:\/\/www.mach.aero\/wp-content\/uploads\/5-1.jpg 1200w\" sizes=\"(max-width: 800px) 100vw, 800px\" \/>\t\t\t\t\t\t\t\t\t\t\t\t\t\t\t<\/div>\n\t\t\t\t<\/div>\n\t\t\t\t\t<\/div>\n\t\t<\/div>\n\t\t\t\t<div class=\"elementor-column elementor-col-50 elementor-inner-column elementor-element elementor-element-3ed3c7d\" data-id=\"3ed3c7d\" data-element_type=\"column\" data-e-type=\"column\">\n\t\t\t<div class=\"elementor-widget-wrap elementor-element-populated\">\n\t\t\t\t\t\t<div class=\"elementor-element elementor-element-ea00cec elementor-widget elementor-widget-image\" data-id=\"ea00cec\" data-element_type=\"widget\" data-e-type=\"widget\" data-widget_type=\"image.default\">\n\t\t\t\t<div class=\"elementor-widget-container\">\n\t\t\t\t\t\t\t\t\t\t\t\t\t\t\t<img loading=\"lazy\" decoding=\"async\" width=\"800\" height=\"476\" src=\"https:\/\/www.mach.aero\/wp-content\/uploads\/6-1024x609.jpg\" class=\"attachment-large size-large wp-image-3048\" alt=\"\" srcset=\"https:\/\/www.mach.aero\/wp-content\/uploads\/6-1024x609.jpg 1024w, https:\/\/www.mach.aero\/wp-content\/uploads\/6-300x179.jpg 300w, https:\/\/www.mach.aero\/wp-content\/uploads\/6-768x457.jpg 768w, https:\/\/www.mach.aero\/wp-content\/uploads\/6.jpg 1200w\" sizes=\"(max-width: 800px) 100vw, 800px\" \/>\t\t\t\t\t\t\t\t\t\t\t\t\t\t\t<\/div>\n\t\t\t\t<\/div>\n\t\t\t\t\t<\/div>\n\t\t<\/div>\n\t\t\t\t\t<\/div>\n\t\t<\/section>\n\t\t\t\t<section class=\"elementor-section elementor-inner-section elementor-element elementor-element-e0a6509 elementor-section-boxed elementor-section-height-default elementor-section-height-default\" data-id=\"e0a6509\" data-element_type=\"section\" data-e-type=\"section\">\n\t\t\t\t\t\t<div class=\"elementor-container elementor-column-gap-default\">\n\t\t\t\t\t<div class=\"elementor-column elementor-col-50 elementor-inner-column elementor-element elementor-element-421b7b9\" data-id=\"421b7b9\" data-element_type=\"column\" data-e-type=\"column\">\n\t\t\t<div class=\"elementor-widget-wrap elementor-element-populated\">\n\t\t\t\t\t\t<div class=\"elementor-element elementor-element-827afa4 elementor-widget elementor-widget-image\" data-id=\"827afa4\" data-element_type=\"widget\" data-e-type=\"widget\" data-widget_type=\"image.default\">\n\t\t\t\t<div class=\"elementor-widget-container\">\n\t\t\t\t\t\t\t\t\t\t\t\t\t\t\t<img loading=\"lazy\" decoding=\"async\" width=\"800\" height=\"476\" src=\"https:\/\/www.mach.aero\/wp-content\/uploads\/7-1024x609.jpg\" class=\"attachment-large size-large wp-image-3049\" alt=\"\" srcset=\"https:\/\/www.mach.aero\/wp-content\/uploads\/7-1024x609.jpg 1024w, https:\/\/www.mach.aero\/wp-content\/uploads\/7-300x179.jpg 300w, https:\/\/www.mach.aero\/wp-content\/uploads\/7-768x457.jpg 768w, https:\/\/www.mach.aero\/wp-content\/uploads\/7.jpg 1200w\" sizes=\"(max-width: 800px) 100vw, 800px\" \/>\t\t\t\t\t\t\t\t\t\t\t\t\t\t\t<\/div>\n\t\t\t\t<\/div>\n\t\t\t\t\t<\/div>\n\t\t<\/div>\n\t\t\t\t<div class=\"elementor-column elementor-col-50 elementor-inner-column elementor-element elementor-element-d37fda2\" data-id=\"d37fda2\" data-element_type=\"column\" data-e-type=\"column\">\n\t\t\t<div class=\"elementor-widget-wrap elementor-element-populated\">\n\t\t\t\t\t\t<div class=\"elementor-element elementor-element-53de3c0 elementor-widget elementor-widget-image\" data-id=\"53de3c0\" data-element_type=\"widget\" data-e-type=\"widget\" data-widget_type=\"image.default\">\n\t\t\t\t<div class=\"elementor-widget-container\">\n\t\t\t\t\t\t\t\t\t\t\t\t\t\t\t<img loading=\"lazy\" decoding=\"async\" width=\"800\" height=\"476\" src=\"https:\/\/www.mach.aero\/wp-content\/uploads\/8-1024x609.jpg\" class=\"attachment-large size-large wp-image-3050\" alt=\"\" srcset=\"https:\/\/www.mach.aero\/wp-content\/uploads\/8-1024x609.jpg 1024w, https:\/\/www.mach.aero\/wp-content\/uploads\/8-300x179.jpg 300w, https:\/\/www.mach.aero\/wp-content\/uploads\/8-768x457.jpg 768w, https:\/\/www.mach.aero\/wp-content\/uploads\/8.jpg 1200w\" sizes=\"(max-width: 800px) 100vw, 800px\" \/>\t\t\t\t\t\t\t\t\t\t\t\t\t\t\t<\/div>\n\t\t\t\t<\/div>\n\t\t\t\t\t<\/div>\n\t\t<\/div>\n\t\t\t\t\t<\/div>\n\t\t<\/section>\n\t\t\t\t\t<\/div>\n\t\t<\/div>\n\t\t\t\t\t<\/div>\n\t\t<\/section>\n\t\t\t\t<\/div>","protected":false},"excerpt":{"rendered":"<p>Hakk\u0131m\u0131zda T\u00fcrk Sivil Havac\u0131l\u0131\u011f\u0131&#8217;n\u0131n \u00d6nc\u00fcs\u00fc Mak Havac\u0131l\u0131k (Mach Air), 1989 y\u0131l\u0131nda T\u00fcrkiye\u2019nin \u0130lk Milli Profesyonel Akrobasi Pilotu Ali \u0130smet \u00d6zt\u00fcrk taraf\u0131ndankurulmu\u015ftur. O g\u00fcnden bu yana, T\u00fcrk sivil havac\u0131l\u0131\u011f\u0131n\u0131n en k\u00f6kl\u00fc ve yenilik\u00e7i firmalar\u0131ndan biri olarak genel havac\u0131l\u0131k sekt\u00f6r\u00fcnde \u00f6nc\u00fc rol oynamaktad\u0131r. Mach Air, Sivil Havac\u0131l\u0131k Genel M\u00fcd\u00fcrl\u00fc\u011f\u00fc taraf\u0131ndan onaylanm\u0131\u015f AOC (\u0130\u015fletme Ruhsat\u0131) belgesine sahip, yetkin [&hellip;]<\/p>\n","protected":false},"author":1,"featured_media":0,"parent":0,"menu_order":0,"comment_status":"closed","ping_status":"closed","template":"elementor_header_footer","meta":{"footnotes":""},"class_list":["post-1904","page","type-page","status-publish","hentry"],"_links":{"self":[{"href":"https:\/\/www.mach.aero\/en\/wp-json\/wp\/v2\/pages\/1904","targetHints":{"allow":["GET"]}}],"collection":[{"href":"https:\/\/www.mach.aero\/en\/wp-json\/wp\/v2\/pages"}],"about":[{"href":"https:\/\/www.mach.aero\/en\/wp-json\/wp\/v2\/types\/page"}],"author":[{"embeddable":true,"href":"https:\/\/www.mach.aero\/en\/wp-json\/wp\/v2\/users\/1"}],"replies":[{"embeddable":true,"href":"https:\/\/www.mach.aero\/en\/wp-json\/wp\/v2\/comments?post=1904"}],"version-history":[{"count":140,"href":"https:\/\/www.mach.aero\/en\/wp-json\/wp\/v2\/pages\/1904\/revisions"}],"predecessor-version":[{"id":3950,"href":"https:\/\/www.mach.aero\/en\/wp-json\/wp\/v2\/pages\/1904\/revisions\/3950"}],"wp:attachment":[{"href":"https:\/\/www.mach.aero\/en\/wp-json\/wp\/v2\/media?parent=1904"}],"curies":[{"name":"wp","href":"https:\/\/api.w.org\/{rel}","templated":true}]}}